{"id":6,"date":"2016-05-18T16:59:47","date_gmt":"2016-05-18T15:59:47","guid":{"rendered":"https:\/\/www.demenagement-transport-nettoyage.com\/?page_id=6"},"modified":"2023-12-04T10:45:30","modified_gmt":"2023-12-04T09:45:30","slug":"demenageur","status":"publish","type":"page","link":"https:\/\/www.demenagement-transport-nettoyage.com\/","title":{"rendered":"Transport nettoyage votre D\u00e9m\u00e9nageur \u00e0 Marseille"},"content":{"rendered":"\n<h2 class=\"wp-block-heading\">Un devis de d\u00e9m\u00e9nagement est vraiment n\u00e9cessaire pour mener \u00e0 bien son d\u00e9m\u00e9nagement.<img loading=\"lazy\" decoding=\"async\" class=\"alignright size-full wp-image-15\" src=\"https:\/\/www.demenagement-transport-nettoyage.com\/wp-content\/uploads\/2016\/05\/13.jpeg.jpg\" alt=\"13.jpeg\" width=\"275\" height=\"183\"><\/h2>\n\n\n\n<p>Ce service est offert par certaines agences de d\u00e9m\u00e9nagement pour pr\u00e9voir toutes les actions \u00e0 r\u00e9aliser durant celui-ci.<\/p>\n\n\n\n<p>Des gens d\u00e9cident de d\u00e9m\u00e9nager, soit pour causes professionnelles soit pour causes personnelles. La cause professionnelle r\u00e9unit en g\u00e9n\u00e9ral le travail, l\u2019affectation, la retraite et l\u2019expatriation. Les gens prend la peine de d\u00e9m\u00e9nager parce qu\u2019une autre offre de travail plus int\u00e9resse que celui actuel leur est proposer. Cette proposition peut \u00eatre dans une autre ville, un autre pays ou m\u00eame dans un autre h\u00e9misph\u00e8re. Cela peut aussi s\u2019agir du m\u00eame emplacement que le poste d\u2019avant. Les expatrier sont \u00e9videmment obliger de quitter leur pays pour rejoindre un autre afin pouvoir pratiquer des activit\u00e9s qu\u2019ils ne peuvent pas effectuer chez eux. Dans le cadre personnel, les personnes d\u00e9m\u00e9nagent g\u00e9n\u00e9ralement \u00e0 cause des loyers non pay\u00e9s, des conflits d\u2019id\u00e9e, de d\u00e9gradations relationnelles, de l\u2019accroissement de la famille. Dans l\u2019\u00e9ventualit\u00e9 o\u00f9 ces personnes n\u2019ont plus de moyen de r\u00e9gler leurs loyers, il se trouve dans l\u2019obligation de trouver une autre maison adapt\u00e9e \u00e0 leur moyen. Dans le cas o\u00f9 il y a une confusion entre les membres de ces familles, eux aussi ont besoin de changer d\u2019habitat afin de pouvoir vivre en paix. La croissance de la famille peut aussi causer le demenagement. Un nouveau-n\u00e9 vient d\u2019arriver dans la famille, mais la maison ne peut plus contenir tout le monde. Alors pour y rem\u00e9dier, les membres se doivent de trouver un autre logement qui pourrait bien accueillir chaque membre sans \u00eatre confront\u00e9 \u00e0 un encombrement.<\/p>\n\n\n\n<h2 class=\"wp-block-heading\">De quelles mani\u00e8res le d\u00e9m\u00e9nagement peut-il s\u2019effectuer ?<\/h2>\n\n\n\n<p>Le d\u00e9m\u00e9nagement peut g\u00e9n\u00e9ralement se faire de deux mani\u00e8res, dans la premi\u00e8re c\u2019est la personne elle-m\u00eame qui est responsable de la r\u00e9alisation des t\u00e2ches. Dans la seconde, la personne appelle un <a href=\"https:\/\/www.demenageur.com\">demenageur professionnel<\/a> et lui confit toutes les responsabilit\u00e9s reli\u00e9es au d\u00e9m\u00e9nagement. Avec la premi\u00e8re option, on peut constater que la personne propri\u00e9taire des biens \u00e0 d\u00e9m\u00e9nager se charge de l\u2019emballage des affaires dans les cartons de d\u00e9m\u00e9nagement \u00a0. Puis elle s\u2019occupe du rangement de ces cartons dans la voiture de d\u00e9m\u00e9nagement. Elle conduit le v\u00e9hicule jusqu\u2019\u00e0 la future maison, elle d\u00e9balle tous les cartons de d\u00e9m\u00e9nagement puis elle r\u00e9installe tous les mat\u00e9riel et bien \u00e0 leur place. Il faut croire que cette m\u00e9thode est un r\u00e9el chalenge. Par contre, dans le cas o\u00f9 cette personne fait appel \u00e0 un expert de d\u00e9m\u00e9nagement, les t\u00e2ches \u00e0 ex\u00e9cuter sont devenues moindres. Elle ne s\u2019occupe que de la d\u00e9sinstallation des biens comme les machines \u00e9lectrom\u00e9nag\u00e8res et la r\u00e9installation \u00e0 l\u2019arriv\u00e9e. Le d\u00e9m\u00e9nageur prend en charge de l\u2019ex\u00e9cution de toute autre t\u00e2che. Il s\u2019occupe de la mise en carton, l\u2019\u00e9vacuation des cartons dans le camion de d\u00e9m\u00e9nagement, de la conduite de ce dernier vers la future maison et du d\u00e9ballage de tous les cartons de d\u00e9m\u00e9nagement. Dans la r\u00e9alisation de toutes ces proc\u00e9dures, le d\u00e9m\u00e9nageur applique expertise, attention et d\u00e9licatesse afin que rien ne puisse arriver \u00e0 toutes les affaires reli\u00e9es au d\u00e9m\u00e9nagement.<\/p>\n\n\n\n<h2 class=\"wp-block-heading\">Pour r\u00e9aliser un d\u00e9m\u00e9nagement dans les normes, voil\u00e0 quelques astuces<\/h2>\n\n\n\n<p>Comme nombreux le savent, la r\u00e9alisation d\u2019un d\u00e9m\u00e9nagement n\u00e9cessite une grande organisation et une longue pr\u00e9paration. Ceci fait, c\u2019est pour longuement se pr\u00e9parer \u00e0 toutes les \u00e9ventualit\u00e9s possibles durant le d\u00e9m\u00e9nagement. Pour mener \u00e0 bien le d\u00e9m\u00e9nagement, il est important de bien choisir la date de r\u00e9alisation afin d\u2019\u00e9viter toute sorte d\u2019encombrement. Ces derni\u00e8res peuvent bien s\u2019agir des bouchant dans la circulation, des coupures de route et bien tant d\u2019autres. Ces p\u00e9riodes sont g\u00e9n\u00e9ralement les jours de f\u00eate, des dates de construction qui ont d\u00e9j\u00e0 \u00e9t\u00e9 annonc\u00e9es. Si la personne veut faire appel aux services des d\u00e9m\u00e9nageurs, il faut qu\u2019elle suive quelque condition. Avant toute chose, la personne doit effectuer quelque comparaison de quelque agence de d\u00e9m\u00e9nagement. Cela afin de pouvoir \u00e9valuer la meilleure offre proposer par chaque agence. Elle prendre aussi prendre garantie que l\u2019agence qu\u2019elle choisit est totalement assur\u00e9e pour \u00e9viter toute confusion dans la r\u00e9alisation des travaux. Ensuite, elle doit faire en sorte que tous les cartons de d\u00e9m\u00e9nagement soient identifiables entre eux. Cette personne doit aussi informer les d\u00e9m\u00e9nageurs de la disposition de la maison actuelle pour les aider dans l\u2019\u00e9vacuation des biens. Ceci pour que ces d\u00e9m\u00e9nageurs&nbsp;puissent anticiper toutes les possibilit\u00e9s de sortie, s\u2019ils doivent prendre des ascenseurs ou encore des escaliers. Une d\u00e9taille \u00e0 ne pas n\u00e9gliger, il faut enti\u00e8rement faire confiance \u00e0 son d\u00e9m\u00e9nageur.<\/p>\n","protected":false},"excerpt":{"rendered":"<p>Un devis de d\u00e9m\u00e9nagement est vraiment n\u00e9cessaire pour mener \u00e0 bien son d\u00e9m\u00e9nagement. Ce service est offert par certaines agences de d\u00e9m\u00e9nagement pour pr\u00e9voir toutes les actions \u00e0 r\u00e9aliser durant celui-ci. Des gens d\u00e9cident de d\u00e9m\u00e9nager, soit pour causes professionnelles soit pour causes personnelles. La cause professionnelle r\u00e9unit en g\u00e9n\u00e9ral le travail, l\u2019affectation, la retraite &hellip; <\/p>\n","protected":false},"author":1,"featured_media":0,"parent":0,"menu_order":0,"comment_status":"closed","ping_status":"closed","template":"","meta":{"_seopress_robots_primary_cat":"","_seopress_titles_title":"","_seopress_titles_desc":"","_seopress_robots_index":"","footnotes":""},"class_list":["post-6","page","type-page","status-publish","hentry"],"_links":{"self":[{"href":"https:\/\/www.demenagement-transport-nettoyage.com\/index.php\/wp-json\/wp\/v2\/pages\/6","targetHints":{"allow":["GET"]}}],"collection":[{"href":"https:\/\/www.demenagement-transport-nettoyage.com\/index.php\/wp-json\/wp\/v2\/pages"}],"about":[{"href":"https:\/\/www.demenagement-transport-nettoyage.com\/index.php\/wp-json\/wp\/v2\/types\/page"}],"author":[{"embeddable":true,"href":"https:\/\/www.demenagement-transport-nettoyage.com\/index.php\/wp-json\/wp\/v2\/users\/1"}],"replies":[{"embeddable":true,"href":"https:\/\/www.demenagement-transport-nettoyage.com\/index.php\/wp-json\/wp\/v2\/comments?post=6"}],"version-history":[{"count":9,"href":"https:\/\/www.demenagement-transport-nettoyage.com\/index.php\/wp-json\/wp\/v2\/pages\/6\/revisions"}],"predecessor-version":[{"id":24,"href":"https:\/\/www.demenagement-transport-nettoyage.com\/index.php\/wp-json\/wp\/v2\/pages\/6\/revisions\/24"}],"wp:attachment":[{"href":"https:\/\/www.demenagement-transport-nettoyage.com\/index.php\/wp-json\/wp\/v2\/media?parent=6"}],"curies":[{"name":"wp","href":"https:\/\/api.w.org\/{rel}","templated":true}]}}